{"id":110,"date":"2016-06-21T14:15:08","date_gmt":"2016-06-21T12:15:08","guid":{"rendered":"http:\/\/www2.museodiocesanovicenza.it\/it\/?page_id=110"},"modified":"2018-07-27T16:21:32","modified_gmt":"2018-07-27T14:21:32","slug":"scuole","status":"publish","type":"page","link":"http:\/\/www2.museodiocesanovicenza.it\/it\/servizi\/servizi-educativi\/scuole\/","title":{"rendered":"Scuole"},"content":{"rendered":"<div class=\"two-columns-one\">\n<h4><strong>Come prenotare i percorsi educativi<\/strong><\/h4>\n<p>Contattando la <strong>Segreteria del Museo (lun-ven. 8,30-13,00\/13,30-14,30 T 0444 226400)<\/strong> \u00e8 possibile <strong>prenotare e ricevere informazioni<\/strong> sulle tante <strong>proposte che i Servizi Educativi<\/strong> rivolgono alle scuole di diverso ordine e grado. Gli Insegnanti potranno scegliere tra <em><strong>LUDOVISITE<\/strong><\/em>, <strong>percorsi attivi<\/strong> dove si impara a conoscere attraverso il gioco, la scoperta e la narrazione animata e <em><strong>SCOPRIVISITE<\/strong>\u00a0<\/em><strong>itinerari dentro e fuori il Museo<\/strong> che mirano a ricostruire aspetti dell\u2019arte e della storia vicentina.<\/p>\n<div class=\"pdfbox\"><a href=\"http:\/\/www2.museodiocesanovicenza.it\/it\/wp-content\/uploads\/2016\/07\/depliant-scopriamo-il-museo.pdf\" target=\"_blank\" rel=\"noopener\">Depliant <em>Scopriamo il Museo<\/em><\/a> (PDF, 1.7Mb)<br \/>\n<a href=\"http:\/\/www2.museodiocesanovicenza.it\/it\/wp-content\/uploads\/2016\/07\/brochure-servizi-educativi.pdf\" target=\"_blank\" rel=\"noopener\">Brochure <em>Servizi Educativi<\/em><\/a> (PDF, 1.6Mb)<\/div>\n<h3>I percorsi dentro e fuori il Museo<\/h3>\n<h4>Ludovisite<\/h4>\n<p><strong>Arca di No\u00e8<\/strong><br \/>\nNarriamo ai bambini, in modo giocoso e partecipato, la storia biblica di No\u00e8. Seguendo il racconto andiamo alla scoperta degli animali nascosti tra le opere del Museo e <strong>trasformiamo magicamente i bambini in tanti animali pronti a entrare nella grande arca di legno colorato!<\/strong> La composizione di un vivace <em>puzzle<\/em> e la scheda \u201cPopola l\u2019Arca\u201d conclude l\u2019esperienza. Vi \u00e8 la possibilit\u00e0 di integrare il percorso con un laboratorio creativo che prevede la realizzazione di una Pagina <em>Pop-up<\/em> (ultimo ciclo scuola dell\u2019infanzia; primo ciclo scuola primaria).<br \/>\n<strong><br \/>\nL&#8217;Africa racconta: &#8216;La fiaba del piccola Chaka&#8217;<\/strong><br \/>\nViaggio in Africa attraverso la straordinaria e unica collezione di maschere, statue e feticci ospitata nel nostro Museo. Un filmato racconter\u00e0 la vita in un villaggio tradizionale africano attraverso gli occhi di un bambino; seguir\u00e0 una <strong>\u201ccaccia alle opere\u201d<\/strong> nella <a href=\"http:\/\/www2.museodiocesanovicenza.it\/it\/museo\/collezioni\/pietro-nonis\/\">sezione etnografica<\/a> con l\u2019ausilio di schede; un momento di condivisione finale conclude il percorso (\u201cAfrica-<em>puzzle<\/em>\u201d, \u201cMischiastorie\u201d o \u201dLa capanna da abitare\u201d) (ultimo ciclo scuola dell\u2019infanzia; scuola primaria).<\/p>\n<p><strong>Africa Magica<\/strong><br \/>\nViaggio in Africa attraverso i sensi, alla scoperta della straordinaria e unica <a href=\"http:\/\/www2.museodiocesanovicenza.it\/it\/museo\/collezioni\/pietro-nonis\/\">collezione di maschere<\/a>, <strong>statue e feticci<\/strong>! Musica, sperimentazione tattile, olfattiva e gustativa, scrittura creativa! Un modo diverso per capire e scoprire il grande continente africano. Precede la visita-attiva un filmato che permette di contestualizzare i manufatti esposti (scuola secondaria di I e II grado).<\/p>\n<p><strong>Assassinio nella\u00a0Cattedrale<\/strong><br \/>\nCaso investigativo ambientato nella Vicenza al tempo dei castelli e dei vescovi-conti! <strong>I ragazzi si trasformano in <\/strong><em><strong>detective<\/strong> <\/em> <strong>a spasso nei secoli<\/strong>. Visita al Museo Diocesano, alla <a href=\"http:\/\/www2.museodiocesanovicenza.it\/it\/museo\/museo-e-territorio\/torre-campanaria\/\">torre campanaria <\/a>del Duomo e al luogo dell\u2019assassinio del vescovo-conte Giovanni Cacciafronte per ricostruire lo scenario storico (lotta per le investiture, ruolo dei vescovi-conti) e la dinamica del delitto avvenuto nel lontano 1184. In omaggio a tutti i partecipanti un bellissimo sussidio a colori con storie, giochi, informazioni utili per il ripasso in classe e a casa (scuola secondaria di I grado).<\/p>\n<p><strong>L&#8217;oratorio di San Nicola al tempo delle confraternite e della Riforma cattolica <\/strong><br \/>\nVi portiamo a scoprire uno <a href=\"http:\/\/www2.museodiocesanovicenza.it\/it\/museo\/museo-e-territorio\/san-nicola\/\">scrigno prezioso<\/a> <strong>poco conosciuto<\/strong> dove si sono sfidati a colpi di pennello i due maggiori artisti del Seicento vicentino: Giulio Carpioni e Francesco Maffei.<br \/>\nPercorso con gioco a squadre sui temi della <strong>Riforma protestante<\/strong>, <strong>Controriforma cattolica<\/strong> e nascita di antiche strutture di <em>welfare<\/em>: le confraternite! (scuola secondaria di I grado).<\/p>\n<p><strong>Bartolomeo tra eresie e ordini mendicanti <\/strong><br \/>\nStudenti attori! <strong>Mettiamo in scena Vicenza al tempo della nascita dei comuni,<\/strong> del &#8220;perfido Ezzelino&#8221; e del suo &#8220;rivale&#8221; Bartolomeo da Breganze.<br \/>\nAttivit\u00e0 che si svolge dentro e fuori il museo con uno studio topografico della citt\u00e0 e poi con una \u201ccaccia al monumento\u201d tra le vie della citt\u00e0 medioevale. La visita si conclude con la visione della <em>Reliquia della Spina<\/em> e del <em>Piviale dei Pappagalli<\/em> e con la teatralizzazione dei fatti narrati. In omaggio a tutti i partecipanti un bellissimo sussidio a colori con storie, giochi, informazioni utili per il ripasso in classe e a casa! (scuola secondaria di I grado).<\/p>\n<\/div>\n<div class=\"two-columns-one last\">\n<h4>Scoprivisite<\/h4>\n<p><strong>Dentro l&#8217;immagine<\/strong><br \/>\n<strong>Cosa raccontano i quadri?<\/strong> Quali segreti sono celati dietro alla scelta di alcuni colori, di alcuni animali, di alcune specie arboree, di alcune forme geometriche? Gli alunni sono guidati alla lettura dell\u2019opera d\u2019arte per comprenderne forme, significati, fortuna iconografica e aspetti comunicativi. Il percorso si articola in tre tappe: <strong>lo studio, la pratica e l\u2019interpretazione creativa<\/strong>. Attraverso diverse attivit\u00e0 i ragazzi si cimentano nell\u2019analisi tecnico-formale (\u201cOsservare: a me gli occhi\u201d), iconografica (\u201cParlare: l\u2019intervista\u201d) ed emotiva (\u201cSentire: un po\u2019 di vita\u201d) di alcuni dipinti della pinacoteca (scuola primaria, secondaria di I e II grado).<\/p>\n<p><strong>Archeologo per un giorno &#8211; Visita alla chiesa dei Ss. Felice e Fortunato<\/strong><br \/>\n<strong>Come indaga il passato l&#8217;archeologo?<\/strong> Che strumenti usa e che cosa si nasconde sotto ai nostri piedi? Lo scopriamo visitando la <a href=\"http:\/\/www2.museodiocesanovicenza.it\/it\/museo\/museo-e-territorio\/chiesa\/\">chiesa dei Ss. Felice e Fortunato<\/a> e l\u2019annesso Museo lapidario con l\u2019ausilio del <strong>quaderno dell&#8217;archeologo<\/strong> e del <strong><strong>cubo stratigrafico<\/strong><\/strong>! Dall&#8217;antica necropoli romana alla chiesa di oggi! Mosaici, sarcofagi, reperti per 2000 anni di storia! (scuola primaria e secondaria di I grado).<\/p>\n<p><strong>Vicenza paleocristiana &#8211; Visita alla chiesa dei Ss. Felice e Fortunato<\/strong><br \/>\nDov&#8217;era l&#8217;antica necropoli romana di <em>Vicetia<\/em>? Dove si radunavano i primi cristiani e dove trovano sepoltura i primi martiri vicentini? <strong>Com&#8217;era strutturata una basilica paleocristiana e quali sono i simboli utilizzati in quell&#8217;epoca?<\/strong> Viaggio nella storia visitando l&#8217;antica <a href=\"http:\/\/www2.museodiocesanovicenza.it\/it\/museo\/museo-e-territorio\/chiesa\/\">chiesa dei Ss. Felice e Fortunato<\/a>: museo lapidario, mosaici, <em>martyrion<\/em>, cripta! (secondaria di I e II grado).<\/p>\n<p><strong>&#8216;Le carte che Ridono&#8217;. La nascita di un codice miniato in un antico <em><strong>scriptorium<\/strong><\/em> medievale<\/strong><br \/>\nCome si scriveva prima della rivoluzione di Gutenberg? Quali supporti si utilizzavano prima della carta? <strong>Sbirciamo dentro ad uno <em>scriptorium<\/em> medioevale<\/strong> toccando con mano antichi supporti e materiali per la scrittura. L\u2019itinerario affronter\u00e0 i diversi aspetti legati al manufatto libro: dalla produzione della pergamena alla legatura, dalla scrittura alla miniatura per cui \u201cridon le carte&#8221;, dall\u2019ascolto del canto fratto gregoriano fino alla redazione delle regole senza tempo per la conservazione dei libri. In conclusione il laboratorio creativo il \u201clibro che si fa\u201d (scuola primaria e secondaria di I grado).<br \/>\n<strong><br \/>\nI Vescovi vicentini della Riforma cattolica. &#8211; Visita alla Loggia Zeno, al Museo e alla Cattedrale<\/strong><br \/>\nLa chiesa vicentina ai tempi della Controriforma attraverso i suoi vescovi! Percorso tra quadri, medaglie e interventi architettonici nel cuore religioso di Vicenza: la Piazza del Duomo&#8230;con una piccola deviazione alla chiesa di Santa Corona! Un <strong>itinerario un po&#8217; inedito<\/strong> che ci porter\u00e0 nel cortile del palazzo Vescovile a scoprire la <strong>preziosissima Loggetta Zeno, e alcuni interventi palladiani poco noti!<\/strong> (scuola secondaria di I e II grado).<\/p>\n<h3><strong><br \/>\n<\/strong>Vicenza romana e area archeologica della Cattedrale<\/h3>\n<p><strong> Viaggio nel tempo. Alla scoperta di <em><strong>Vicetia<\/strong><\/em> romana <\/strong><br \/>\n<strong>Com&#8217;era l&#8217;antico quartiere residenziale di Vicetia?<\/strong> Lo <strong>scopriremo<\/strong> passeggiando nell&#8217;attuale piazza Duomo <strong>visitando: il Museo Diocesano e i suoi reperti di et\u00e0 romana<\/strong>; il criptoportico; la strada romana e la <a href=\"http:\/\/www2.museodiocesanovicenza.it\/it\/museo\/museo-e-territorio\/area-archeologica-della-cattedrale\/\"><em>domus<\/em> sotto la Cattedrale<\/a>.<br \/>\nDurante l\u2019attivit\u00e0 i bambini pi\u00f9 piccoli si trasformeranno in antichi costruttori utilizzando modelli in gommapiuma per concretizzare con un\u2019esperienza diretta quanto appreso. <strong>Per le scuole primarie<\/strong>, al termine dell\u2019attivit\u00e0, \u00e8 <strong>consegnato ad ogni alunno un divertente fumetto<\/strong> che racconta le vicende di Tito e Matteo nella <em>Vicetia<\/em> romana con storie, giochi, informazioni utili per il ripasso in classe e a casa! (scuola primaria e secondaria di II grado).<\/p>\n<p><strong>Vicenza nascosta: visita all&#8217;Area Archeologica della Cattedrale<\/strong><br \/>\nIl percorso si svolge presso l\u2019<a href=\"http:\/\/www2.museodiocesanovicenza.it\/it\/museo\/museo-e-territorio\/area-archeologica-della-cattedrale\/\">area archeologica<\/a> sotto alla Cattedrale e <a href=\"http:\/\/www2.museodiocesanovicenza.it\/it\/museo\/collezioni\/dal-cristianesimo-al-xiii-secolo\/\">nella sezione archeologica<\/a> del Museo Diocesano. L\u2019itinerario \u00e8 strutturato in 4 diversi momenti:<\/p>\n<ol>\n<li>La linea del tempo<\/li>\n<li>Il cubo stratigrafico<\/li>\n<li>Occhio alla mappa<\/li>\n<li>Storia Quiz<\/li>\n<\/ol>\n<p>Un modo giocoso e divertente per capire cosa si nasconde sotto ai nostri piedi e come ci\u00f2 che vediamo oggi -in molti casi- sia la trasformazione di ci\u00f2 che \u00e8 stato ieri. <strong>Dall&#8217;et\u00e0 romana a quella romanica attraverso le suggestioni di un mondo sotterraneo!<\/strong> (scuola secondaria di I grado).<\/p>\n<\/div>\n<div class=\"divider\"><\/div>\n<div id=\"metaslider-id-1188\" style=\"max-width: 850px;\" class=\"ml-slider-3-23-5 ml-slider-pro-2-18-1 metaslider metaslider-flex metaslider-1188 ml-slider ml-slider-lightbox-1-12-0 responsive-lightbox-gallery-2-3-3\">\n    <div id=\"metaslider_container_1188\">\n        <div id=\"metaslider_1188\">\n            <ul aria-live=\"polite\" class=\"slides\">\n                <li style=\"display: block; width: 100%;\" class=\"slide-1196 ms-image\"><a href=\"http:\/\/www2.museodiocesanovicenza.it\/it\/wp-content\/uploads\/2018\/07\/DSC4916t.jpg\" target=\"_self\" rel=\"lightbox[1188]\"><img src=\"http:\/\/www2.museodiocesanovicenza.it\/it\/wp-content\/uploads\/2018\/07\/DSC4916t-850x400.jpg\" height=\"400\" width=\"850\" alt=\"\" class=\"slider-1188 slide-1196\" title=\"_DSC4916t\" \/><\/a><\/li>\n                <li style=\"display: none; width: 100%;\" class=\"slide-1197 ms-image\"><a href=\"http:\/\/www2.museodiocesanovicenza.it\/it\/wp-content\/uploads\/2018\/07\/DSC4976T.jpg\" target=\"_self\" rel=\"lightbox[1188]\"><img src=\"http:\/\/www2.museodiocesanovicenza.it\/it\/wp-content\/uploads\/2018\/07\/DSC4976T-850x400.jpg\" height=\"400\" width=\"850\" alt=\"\" class=\"slider-1188 slide-1197\" title=\"_DSC4976T\" \/><\/a><\/li>\n                <li style=\"display: none; width: 100%;\" class=\"slide-1198 ms-image\"><a href=\"http:\/\/www2.museodiocesanovicenza.it\/it\/wp-content\/uploads\/2018\/07\/DSC_0096T.jpg\" target=\"_self\" rel=\"lightbox[1188]\"><img src=\"http:\/\/www2.museodiocesanovicenza.it\/it\/wp-content\/uploads\/2018\/07\/DSC_0096T-800x376.jpg\" height=\"400\" width=\"850\" alt=\"\" class=\"slider-1188 slide-1198\" title=\"DSC_0096T\" \/><\/a><\/li>\n                <li style=\"display: none; width: 100%;\" class=\"slide-1199 ms-image\"><a href=\"http:\/\/www2.museodiocesanovicenza.it\/it\/wp-content\/uploads\/2018\/07\/DSC_0369t.jpg\" target=\"_self\" rel=\"lightbox[1188]\"><img src=\"http:\/\/www2.museodiocesanovicenza.it\/it\/wp-content\/uploads\/2018\/07\/DSC_0369t-800x376.jpg\" height=\"400\" width=\"850\" alt=\"\" class=\"slider-1188 slide-1199\" title=\"DSC_0369t\" \/><\/a><\/li>\n                <li style=\"display: none; width: 100%;\" class=\"slide-1201 ms-image\"><a href=\"http:\/\/www2.museodiocesanovicenza.it\/it\/wp-content\/uploads\/2018\/07\/DSCN0028t.jpg\" target=\"_self\" rel=\"lightbox[1188]\"><img src=\"http:\/\/www2.museodiocesanovicenza.it\/it\/wp-content\/uploads\/2018\/07\/DSCN0028t-800x376.jpg\" height=\"400\" width=\"850\" alt=\"\" class=\"slider-1188 slide-1201\" title=\"DSCN0028t\" \/><\/a><\/li>\n                <li style=\"display: none; width: 100%;\" class=\"slide-1202 ms-image\"><a href=\"http:\/\/www2.museodiocesanovicenza.it\/it\/wp-content\/uploads\/2018\/07\/P1040424t.jpg\" target=\"_self\" rel=\"lightbox[1188]\"><img src=\"http:\/\/www2.museodiocesanovicenza.it\/it\/wp-content\/uploads\/2018\/07\/P1040424t-775x364.jpg\" height=\"400\" width=\"850\" alt=\"\" class=\"slider-1188 slide-1202\" title=\"P1040424t\" \/><\/a><\/li>\n            <\/ul>\n        <\/div>\n        \n    <\/div>\n<\/div>\n","protected":false},"excerpt":{"rendered":"<p>Come prenotare i percorsi educativi Contattando la Segreteria del Museo (lun-ven. 8,30-13,00\/13,30-14,30 T 0444 226400) \u00e8 possibile prenotare e ricevere informazioni sulle tante proposte che i Servizi Educativi rivolgono alle scuole di diverso ordine e grado. Gli Insegnanti potranno scegliere tra LUDOVISITE, percorsi attivi dove<\/p>\n<a class=\"more-link\" href=\"http:\/\/www2.museodiocesanovicenza.it\/it\/servizi\/servizi-educativi\/scuole\/\">Leggi tutto<\/a>","protected":false},"author":1,"featured_media":0,"parent":60,"menu_order":0,"comment_status":"closed","ping_status":"closed","template":"","meta":{"extendify_custom_stylesheet":"","spay_email":""},"jetpack_sharing_enabled":true,"jetpack_shortlink":"https:\/\/wp.me\/P7CokG-1M","_links":{"self":[{"href":"http:\/\/www2.museodiocesanovicenza.it\/it\/wp-json\/wp\/v2\/pages\/110"}],"collection":[{"href":"http:\/\/www2.museodiocesanovicenza.it\/it\/wp-json\/wp\/v2\/pages"}],"about":[{"href":"http:\/\/www2.museodiocesanovicenza.it\/it\/wp-json\/wp\/v2\/types\/page"}],"author":[{"embeddable":true,"href":"http:\/\/www2.museodiocesanovicenza.it\/it\/wp-json\/wp\/v2\/users\/1"}],"replies":[{"embeddable":true,"href":"http:\/\/www2.museodiocesanovicenza.it\/it\/wp-json\/wp\/v2\/comments?post=110"}],"version-history":[{"count":5,"href":"http:\/\/www2.museodiocesanovicenza.it\/it\/wp-json\/wp\/v2\/pages\/110\/revisions"}],"predecessor-version":[{"id":1204,"href":"http:\/\/www2.museodiocesanovicenza.it\/it\/wp-json\/wp\/v2\/pages\/110\/revisions\/1204"}],"up":[{"embeddable":true,"href":"http:\/\/www2.museodiocesanovicenza.it\/it\/wp-json\/wp\/v2\/pages\/60"}],"wp:attachment":[{"href":"http:\/\/www2.museodiocesanovicenza.it\/it\/wp-json\/wp\/v2\/media?parent=110"}],"curies":[{"name":"wp","href":"https:\/\/api.w.org\/{rel}","templated":true}]}}