{"id":42,"date":"2016-06-21T11:01:56","date_gmt":"2016-06-21T09:01:56","guid":{"rendered":"http:\/\/www2.museodiocesanovicenza.it\/it\/?page_id=42"},"modified":"2018-07-27T14:41:01","modified_gmt":"2018-07-27T12:41:01","slug":"sede","status":"publish","type":"page","link":"http:\/\/www2.museodiocesanovicenza.it\/it\/museo\/sede\/","title":{"rendered":"Sede"},"content":{"rendered":"<div class=\"two-columns-one\">\n<p>L\u2019istituzione del Museo Diocesano ha voluto corrispondere al desiderio della <strong>comunit\u00e0 cristiana vicentina di guardare al suo passato con vitalit\u00e0 e passione<\/strong>, alla <strong>sua voglia di dialogare con la modernit\u00e0<\/strong>, orgogliosa di vantare un\u2019esperienza secolare di fede e arte. Il confronto comprende l\u2019esigenza civica di contribuire alla crescita culturale di Vicenza e di partecipare al suo sviluppo turistico.<\/p>\n<p>La collocazione delle opere nel Palazzo Vescovile definisce la centralit\u00e0 di questo progetto di un museo in dialogo, e nello stesso tempo, ha costituito <strong>l\u2019occasione per aprire concretamente la \u201ccasa\u201d del Vescovo alla comunit\u00e0<\/strong>, cos\u00ec da diventare simbolo della propensione all\u2019accoglienza del pastore vicentino. Il solo entrare nel palazzo equivale a conoscere un edificio millenario.<\/p>\n<\/div>\n<div class=\"two-columns-one last\">\n<p>Le murature sono il risultato di continue sovrapposizioni e chi osserva con scrupolo le fondazioni, nei passaggi sotterranei consentiti al pubblico, scoprir\u00e0 l\u2019affastellarsi di materiali e tecniche costruttive differenti, oltre che vere e proprie strutture recuperate <em>in situ<\/em>: un canale di scolo di et\u00e0 romana e il basamento di una torre medievale.<\/p>\n<p>Oltre l\u2019<strong>elegante facciata in stile neoclassico, disegnata da Giacomo Verda (1817-1819)<\/strong>, sono custoditi l\u2019ordinato giardino, la <strong>preziosissima Loggia Zeno (1494)<\/strong>, capolavoro dell\u2019architettura vicentina della prima rinascenza eseguito da maestranze lombarde e la sezione edilizia con le &#8220;<strong>stanze del cardinale Ridolfi (1543), la cui oscura paternit\u00e0 va controllata e confrontata con le dinamiche del fermento culturale vicentino di quegli anni animati dall\u2019astro nascente del Palladio&#8221;<\/strong>.<\/p>\n<\/div>\n<div class=\"divider\"><\/div>\n<div id=\"metaslider-id-1146\" style=\"max-width: 800px;\" class=\"ml-slider-3-23-5 ml-slider-pro-2-18-1 metaslider metaslider-flex metaslider-1146 ml-slider ml-slider-lightbox-1-12-0 responsive-lightbox-gallery-2-3-3\">\n    <div id=\"metaslider_container_1146\">\n        <div id=\"metaslider_1146\">\n            <ul aria-live=\"polite\" class=\"slides\">\n                <li style=\"display: block; width: 100%;\" class=\"slide-1150 ms-image\"><a href=\"http:\/\/www2.museodiocesanovicenza.it\/it\/wp-content\/uploads\/2018\/07\/MUS0434t.jpg\" target=\"_self\" rel=\"lightbox[1146]\"><img src=\"http:\/\/www2.museodiocesanovicenza.it\/it\/wp-content\/uploads\/2018\/07\/MUS0434t-650x301.jpg\" height=\"370\" width=\"800\" alt=\"\" class=\"slider-1146 slide-1150\" title=\"MUS0434t\" \/><\/a><\/li>\n                <li style=\"display: none; width: 100%;\" class=\"slide-1152 ms-image\"><a href=\"http:\/\/www2.museodiocesanovicenza.it\/it\/wp-content\/uploads\/2018\/07\/MUS1314t.jpg\" target=\"_self\" rel=\"lightbox[1146]\"><img src=\"http:\/\/www2.museodiocesanovicenza.it\/it\/wp-content\/uploads\/2018\/07\/MUS1314t-769x355.jpg\" height=\"370\" width=\"800\" alt=\"\" class=\"slider-1146 slide-1152\" title=\"MUS1314t\" \/><\/a><\/li>\n                <li style=\"display: none; width: 100%;\" class=\"slide-1151 ms-image\"><a href=\"http:\/\/www2.museodiocesanovicenza.it\/it\/wp-content\/uploads\/2018\/07\/MUS1358t.jpg\" target=\"_self\" rel=\"lightbox[1146]\"><img src=\"http:\/\/www2.museodiocesanovicenza.it\/it\/wp-content\/uploads\/2018\/07\/MUS1358t-800x370.jpg\" height=\"370\" width=\"800\" alt=\"\" class=\"slider-1146 slide-1151\" title=\"MUS1358t\" \/><\/a><\/li>\n            <\/ul>\n        <\/div>\n        \n    <\/div>\n<\/div>\n","protected":false},"excerpt":{"rendered":"<p>L\u2019istituzione del Museo Diocesano ha voluto corrispondere al desiderio della comunit\u00e0 cristiana vicentina di guardare al suo passato con vitalit\u00e0 e passione, alla sua voglia di dialogare con la modernit\u00e0, orgogliosa di vantare un\u2019esperienza secolare di fede e arte. Il confronto comprende l\u2019esigenza civica di<\/p>\n<a class=\"more-link\" href=\"http:\/\/www2.museodiocesanovicenza.it\/it\/museo\/sede\/\">Leggi tutto<\/a>","protected":false},"author":1,"featured_media":0,"parent":14,"menu_order":0,"comment_status":"closed","ping_status":"closed","template":"","meta":{"extendify_custom_stylesheet":"","spay_email":""},"jetpack_sharing_enabled":true,"jetpack_shortlink":"https:\/\/wp.me\/P7CokG-G","_links":{"self":[{"href":"http:\/\/www2.museodiocesanovicenza.it\/it\/wp-json\/wp\/v2\/pages\/42"}],"collection":[{"href":"http:\/\/www2.museodiocesanovicenza.it\/it\/wp-json\/wp\/v2\/pages"}],"about":[{"href":"http:\/\/www2.museodiocesanovicenza.it\/it\/wp-json\/wp\/v2\/types\/page"}],"author":[{"embeddable":true,"href":"http:\/\/www2.museodiocesanovicenza.it\/it\/wp-json\/wp\/v2\/users\/1"}],"replies":[{"embeddable":true,"href":"http:\/\/www2.museodiocesanovicenza.it\/it\/wp-json\/wp\/v2\/comments?post=42"}],"version-history":[{"count":5,"href":"http:\/\/www2.museodiocesanovicenza.it\/it\/wp-json\/wp\/v2\/pages\/42\/revisions"}],"predecessor-version":[{"id":1153,"href":"http:\/\/www2.museodiocesanovicenza.it\/it\/wp-json\/wp\/v2\/pages\/42\/revisions\/1153"}],"up":[{"embeddable":true,"href":"http:\/\/www2.museodiocesanovicenza.it\/it\/wp-json\/wp\/v2\/pages\/14"}],"wp:attachment":[{"href":"http:\/\/www2.museodiocesanovicenza.it\/it\/wp-json\/wp\/v2\/media?parent=42"}],"curies":[{"name":"wp","href":"https:\/\/api.w.org\/{rel}","templated":true}]}}