{"id":49,"date":"2016-06-21T11:06:29","date_gmt":"2016-06-21T09:06:29","guid":{"rendered":"http:\/\/www2.museodiocesanovicenza.it\/it\/?page_id=49"},"modified":"2016-09-06T09:15:32","modified_gmt":"2016-09-06T07:15:32","slug":"collezioni","status":"publish","type":"page","link":"http:\/\/www2.museodiocesanovicenza.it\/it\/museo\/collezioni\/","title":{"rendered":"Collezioni"},"content":{"rendered":"<div class=\"two-columns-one\">\n<p>La <strong>storia dell&#8217;affermarsi del Cristianesimo a Vicenza<\/strong>, dalle <strong>prime tracce lasciate sul territorio<\/strong> alle forme pi\u00f9 attuali, ma anche le <strong>testimonianze di un&#8217;attivit\u00e0 che ha toccato terre distanti ed esotiche<\/strong>: \u00e8 questo che potr\u00e0 ammirare il visitatore che si affacci al Museo Diocesano di Vicenza.<\/p>\n<\/div>\n<div class=\"two-columns-one last\">\n<p>Dislocate su quattro piani all&#8217;interno del <a href=\"http:\/\/www2.museodiocesanovicenza.it\/it\/museo\/sede\/\">Palazzo Vescovile<\/a> e <strong>organizzate in sezioni cronologico-tematiche<\/strong>, le opere esposte offrono un significativo contributo sulla documentazione del <strong>patrimonio storico-artistico vicentino<\/strong> con uno sguardo a <strong>mondi lontani<\/strong>.<\/p>\n<\/div>\n<div class=\"divider\"><\/div>\n","protected":false},"excerpt":{"rendered":"<p>La storia dell&#8217;affermarsi del Cristianesimo a Vicenza, dalle prime tracce lasciate sul territorio alle forme pi\u00f9 attuali, ma anche le testimonianze di un&#8217;attivit\u00e0 che ha toccato terre distanti ed esotiche: \u00e8 questo che potr\u00e0 ammirare il visitatore che si affacci al Museo Diocesano di Vicenza.<\/p>\n<a class=\"more-link\" href=\"http:\/\/www2.museodiocesanovicenza.it\/it\/museo\/collezioni\/\">Leggi tutto<\/a>","protected":false},"author":1,"featured_media":0,"parent":14,"menu_order":0,"comment_status":"closed","ping_status":"closed","template":"","meta":{"extendify_custom_stylesheet":"","spay_email":""},"jetpack_sharing_enabled":true,"jetpack_shortlink":"https:\/\/wp.me\/P7CokG-N","_links":{"self":[{"href":"http:\/\/www2.museodiocesanovicenza.it\/it\/wp-json\/wp\/v2\/pages\/49"}],"collection":[{"href":"http:\/\/www2.museodiocesanovicenza.it\/it\/wp-json\/wp\/v2\/pages"}],"about":[{"href":"http:\/\/www2.museodiocesanovicenza.it\/it\/wp-json\/wp\/v2\/types\/page"}],"author":[{"embeddable":true,"href":"http:\/\/www2.museodiocesanovicenza.it\/it\/wp-json\/wp\/v2\/users\/1"}],"replies":[{"embeddable":true,"href":"http:\/\/www2.museodiocesanovicenza.it\/it\/wp-json\/wp\/v2\/comments?post=49"}],"version-history":[{"count":5,"href":"http:\/\/www2.museodiocesanovicenza.it\/it\/wp-json\/wp\/v2\/pages\/49\/revisions"}],"predecessor-version":[{"id":537,"href":"http:\/\/www2.museodiocesanovicenza.it\/it\/wp-json\/wp\/v2\/pages\/49\/revisions\/537"}],"up":[{"embeddable":true,"href":"http:\/\/www2.museodiocesanovicenza.it\/it\/wp-json\/wp\/v2\/pages\/14"}],"wp:attachment":[{"href":"http:\/\/www2.museodiocesanovicenza.it\/it\/wp-json\/wp\/v2\/media?parent=49"}],"curies":[{"name":"wp","href":"https:\/\/api.w.org\/{rel}","templated":true}]}}