{"id":87,"date":"2016-06-21T11:37:33","date_gmt":"2016-06-21T09:37:33","guid":{"rendered":"http:\/\/www2.museodiocesanovicenza.it\/it\/?page_id=87"},"modified":"2016-09-06T09:04:14","modified_gmt":"2016-09-06T07:04:14","slug":"chiesa","status":"publish","type":"page","link":"http:\/\/www2.museodiocesanovicenza.it\/it\/museo\/museo-e-territorio\/chiesa\/","title":{"rendered":"Chiesa dei Ss. Felice e Fortunato"},"content":{"rendered":"<div class=\"two-columns-one\">\n<p>La basilica dei santi Felice e Fortunato a Vicenza \u00e8 <strong>parte di un complesso monumentale di et\u00e0 paleocristiana tra i pi\u00f9 importanti del Veneto<\/strong> ed \u00e8 da mettere in relazione, insieme alla<a href=\"http:\/\/www2.museodiocesanovicenza.it\/it\/2016\/07\/11\/cattedrale-di-vicenza\/\"> Cattedrale<\/a>, alla <strong>origine <\/strong>stessa della storia cristiana nel capoluogo berico.<\/p>\n<p>L\u2019<strong>edificio attuale<\/strong> si presenta nelle forme della <strong>ricostruzione romanica <\/strong>risalente alla seconda met\u00e0 del <strong>X secolo <\/strong>con ampi inserimenti del XII. Esso insiste su <strong>due precedenti fabbriche<\/strong>: una prima, conosciuta come <strong>basilica antica <\/strong>di cui si conserva un\u2019ampia porzione di tappeto musivo della met\u00e0 del IV secolo o inizi del V, e una seconda, <strong>edificio grandioso del V-VI secolo<\/strong> di imponenti dimensioni, con aula rettangolare tripartita, pavimento mosaicato, preceduta in origine da un nartece e conclusa da abside rettangolare.<\/p>\n<\/div>\n<div class=\"two-columns-one last\">\n<p>Sul <strong>lato meridionale<\/strong> della basilica, all\u2019altezza della zona absidale, \u00e8 il <em><strong>Martyrion<\/strong><\/em> dedicato a <em><strong>Sancta Maria Mater Domini<\/strong><\/em>, edificio a croce greca preceduto da un atrio voltato a botte il cui interno \u00e8 rivestito da lastre di marmo. <strong>Il sacello fu edificato a custodia e glorificazione dei martiri vicentini Felice e Fortunato<\/strong> uccisi ad Aquileia all\u2019inizio del IV secolo durante le persecuzioni di Diocleziano.<\/p>\n<p>Per visitare la Chiesa dei Ss.Felice e Fortunato \u00e8 necessario<a href=\"http:\/\/www2.museodiocesanovicenza.it\/it\/servizi\/servizi-educativi\/visite-guidate\/\"> contattare la Segreteria per concordare la prenotazione<\/a>.<\/p>\n<\/div>\n<div class=\"divider\"><\/div>\n","protected":false},"excerpt":{"rendered":"<p>La basilica dei santi Felice e Fortunato a Vicenza \u00e8 parte di un complesso monumentale di et\u00e0 paleocristiana tra i pi\u00f9 importanti del Veneto ed \u00e8 da mettere in relazione, insieme alla Cattedrale, alla origine stessa della storia cristiana nel capoluogo berico. L\u2019edificio attuale si<\/p>\n<a class=\"more-link\" href=\"http:\/\/www2.museodiocesanovicenza.it\/it\/museo\/museo-e-territorio\/chiesa\/\">Leggi tutto<\/a>","protected":false},"author":1,"featured_media":0,"parent":53,"menu_order":0,"comment_status":"closed","ping_status":"closed","template":"","meta":{"extendify_custom_stylesheet":"","spay_email":""},"jetpack_sharing_enabled":true,"jetpack_shortlink":"https:\/\/wp.me\/P7CokG-1p","_links":{"self":[{"href":"http:\/\/www2.museodiocesanovicenza.it\/it\/wp-json\/wp\/v2\/pages\/87"}],"collection":[{"href":"http:\/\/www2.museodiocesanovicenza.it\/it\/wp-json\/wp\/v2\/pages"}],"about":[{"href":"http:\/\/www2.museodiocesanovicenza.it\/it\/wp-json\/wp\/v2\/types\/page"}],"author":[{"embeddable":true,"href":"http:\/\/www2.museodiocesanovicenza.it\/it\/wp-json\/wp\/v2\/users\/1"}],"replies":[{"embeddable":true,"href":"http:\/\/www2.museodiocesanovicenza.it\/it\/wp-json\/wp\/v2\/comments?post=87"}],"version-history":[{"count":5,"href":"http:\/\/www2.museodiocesanovicenza.it\/it\/wp-json\/wp\/v2\/pages\/87\/revisions"}],"predecessor-version":[{"id":529,"href":"http:\/\/www2.museodiocesanovicenza.it\/it\/wp-json\/wp\/v2\/pages\/87\/revisions\/529"}],"up":[{"embeddable":true,"href":"http:\/\/www2.museodiocesanovicenza.it\/it\/wp-json\/wp\/v2\/pages\/53"}],"wp:attachment":[{"href":"http:\/\/www2.museodiocesanovicenza.it\/it\/wp-json\/wp\/v2\/media?parent=87"}],"curies":[{"name":"wp","href":"https:\/\/api.w.org\/{rel}","templated":true}]}}